{"id":685,"date":"2018-07-25T15:06:42","date_gmt":"2018-07-25T18:06:42","guid":{"rendered":"https:\/\/institutoadveniat-ers.infd.edu.ar\/sitio\/?page_id=685"},"modified":"2021-07-02T15:33:06","modified_gmt":"2021-07-02T18:33:06","slug":"autoridades","status":"publish","type":"page","link":"https:\/\/institutoadveniat-ers.infd.edu.ar\/sitio\/institucional\/autoridades\/","title":{"rendered":"Autoridades"},"content":{"rendered":"<h4><span data-mce-mark=\"1\"><strong>APODERADA LEGAL<\/strong><\/span><\/h4>\n<p><em>Marina Vegh<\/em><\/p>\n<h4>RECTORA<\/h4>\n<p><em>Adriana Mar\u00eda Impini<\/em><\/p>\n<h4>SECRETARIA<\/h4>\n<p><em>Mar\u00eda Fernanda Brutti<\/em><\/p>\n<p>&nbsp;<\/p>\n<h4><strong>COORDINACIONES<\/strong><\/h4>\n<p><b>SECRETARIO ACAD\u00c9MICO<\/b><\/p>\n<p><em>Santiago Federico Gonz\u00e1lez<\/em><\/p>\n<p><b>COORDINACI\u00d3N DE CLASES PR\u00c1CTICAS<\/b><\/p>\n<p><em>Micaela Flores<\/em><\/p>\n<p>&nbsp;<\/p>\n","protected":false},"excerpt":{"rendered":"<p>APODERADA LEGAL Marina Vegh RECTORA Adriana Mar\u00eda Impini SECRETARIA Mar\u00eda Fernanda Brutti &nbsp; COORDINACIONES SECRETARIO ACAD\u00c9MICO Santiago Federico Gonz\u00e1lez COORDINACI\u00d3N DE CLASES PR\u00c1CTICAS Micaela Flores &nbsp;<\/p>\n","protected":false},"author":6,"featured_media":0,"parent":683,"menu_order":0,"comment_status":"closed","ping_status":"closed","template":"","meta":[],"acf":[],"_links":{"self":[{"href":"https:\/\/institutoadveniat-ers.infd.edu.ar\/sitio\/wp-json\/wp\/v2\/pages\/685"}],"collection":[{"href":"https:\/\/institutoadveniat-ers.infd.edu.ar\/sitio\/wp-json\/wp\/v2\/pages"}],"about":[{"href":"https:\/\/institutoadveniat-ers.infd.edu.ar\/sitio\/wp-json\/wp\/v2\/types\/page"}],"author":[{"embeddable":true,"href":"https:\/\/institutoadveniat-ers.infd.edu.ar\/sitio\/wp-json\/wp\/v2\/users\/6"}],"replies":[{"embeddable":true,"href":"https:\/\/institutoadveniat-ers.infd.edu.ar\/sitio\/wp-json\/wp\/v2\/comments?post=685"}],"version-history":[{"count":10,"href":"https:\/\/institutoadveniat-ers.infd.edu.ar\/sitio\/wp-json\/wp\/v2\/pages\/685\/revisions"}],"predecessor-version":[{"id":781,"href":"https:\/\/institutoadveniat-ers.infd.edu.ar\/sitio\/wp-json\/wp\/v2\/pages\/685\/revisions\/781"}],"up":[{"embeddable":true,"href":"https:\/\/institutoadveniat-ers.infd.edu.ar\/sitio\/wp-json\/wp\/v2\/pages\/683"}],"wp:attachment":[{"href":"https:\/\/institutoadveniat-ers.infd.edu.ar\/sitio\/wp-json\/wp\/v2\/media?parent=685"}],"curies":[{"name":"wp","href":"https:\/\/api.w.org\/{rel}","templated":true}]}}